{"id":6701,"date":"2023-02-13T14:02:23","date_gmt":"2023-02-13T13:02:23","guid":{"rendered":"http:\/\/www.jhj-nfz.de\/2023\/?page_id=6701"},"modified":"2025-05-06T19:45:51","modified_gmt":"2025-05-06T17:45:51","slug":"agb-jhj-nutzfahrzeuge-janbaz-haiderie-e-k","status":"publish","type":"page","link":"https:\/\/www.jhj-nfz.de\/en\/agb-jhj-nutzfahrzeuge-janbaz-haiderie-e-k\/","title":{"rendered":"Conditions"},"content":{"rendered":"<div data-elementor-type=\"wp-page\" data-elementor-id=\"6701\" class=\"elementor elementor-6701\">\n\t\t\t\t\t\t<section class=\"elementor-section elementor-top-section elementor-element elementor-element-639e5d0f elementor-section-boxed elementor-section-height-default elementor-section-height-default\" data-id=\"639e5d0f\" data-element_type=\"section\" data-e-type=\"section\">\n\t\t\t\t\t\t<div class=\"elementor-container elementor-column-gap-default\">\n\t\t\t\t\t<div class=\"elementor-column elementor-col-100 elementor-top-column elementor-element elementor-element-5d7f93de\" data-id=\"5d7f93de\" data-element_type=\"column\" data-e-type=\"column\">\n\t\t\t<div class=\"elementor-widget-wrap elementor-element-populated\">\n\t\t\t\t\t\t<div class=\"elementor-element elementor-element-42110d5 elementor-widget elementor-widget-text-editor\" data-id=\"42110d5\" data-element_type=\"widget\" data-e-type=\"widget\" data-widget_type=\"text-editor.default\">\n\t\t\t\t<div class=\"elementor-widget-container\">\n\t\t\t\t\t\t\t\t\t<p><b>Allgemeine Gesch\u00e4ftsbedingungen JHJ Nutzfahrzeuge Janbaz Haiderie e.K.<\/b><\/p>\n<p><!-- \/wp:paragraph --><\/p>\n<p><!-- wp:paragraph --><\/p>\n<p>Nachstehende Bedingungen gelten f\u00fcr den Verkauf von gebrauchten Nutzfahrzeugen sowie gebrauchten Ersatzteilen und deren gebrauchtem Zubeh\u00f6r von der Firma: JHJ Nutzfahrzeuge Janbaz Haiderie e.K. R\u00f6gen 2,<br \/>DE-23843 Bad Oldesloe. Diese Gesch\u00e4ftsbedingungen gelten nur f\u00fcr Unternehmer im Sinne des \u00a7 14 BGB.<\/p>\n<p>\u00a0<b>1. Kaufvertragsabschluss\/\u00dcbertragung von Rechten und Pflichten:<\/b> Der Kaufvertrag wird angebahnt, indem der K\u00e4ufer bei dem Verk\u00e4ufer eine Bestellung abgibt. An diese Bestellung ist der K\u00e4ufer zwei Wochen gebunden. Der Kaufvertrag gilt als abgeschlossen, wenn der Verk\u00e4ufer die Annahme der Bestellung des Kaufgegenstandes innerhalb der vorgenannten Frist von 2 Wochen schriftlich best\u00e4tigt hat oder die Lieferung tats\u00e4chlich ausgef\u00fchrt.<\/p>\n<p><b>\u00a02. Zahlung:<\/b> Der Kaufpreis sowie Preise f\u00fcr Nebenleistungen sind vor \u00dcbergabe des Kaufgegenstandes bei Aush\u00e4ndigung oder nach dem Empfang der Rechnung (\u00fcblicher Postlauf) zur Zahlung f\u00e4llig. Gegen Anspr\u00fcche des Verk\u00e4ufers kann der K\u00e4ufer nur dann aufrechnen, wenn die Gegenforderung des K\u00e4ufers unbestritten ist oder ein rechtskr\u00e4ftiger Titel vorliegt. Ein Zur\u00fcckbehaltungsrecht kann der K\u00e4ufer nur geltend machen, soweit es auf Anspr\u00fcchen aus dem Kaufvertrag beruht.\u00a0<\/p>\n<p><b>3. Preise:<\/b> Die ausgewiesenen Preise verstehen sich in Euro zzgl. der jeweils gesetzlich g\u00fcltigen Mehrwertsteuer.\u00a0<\/p>\n<p><b>4. Abnahme:<\/b> Der Verk\u00e4ufer informiert den K\u00e4ufer, ,wenn der Kaufgegenstand zur Abholung bereit steht (Bereitstellunganzeige). Der K\u00e4ufer ist verpflichtet, das Gebrauchtfahrzeug innerhalb von 8 Tagen ab Zugang der Bereitstellungsanzeige abzunehmen. Nach Ablauf dieser Frist hat der Verk\u00e4ufer dem K\u00e4ufer im Falle der Nichtabnahme eine weitere Frist von 8 Tagen f\u00fcr die Abnahme des Kaufgegenstands zu setzen. Nach dem Ablauf dieser weiteren Frist tritt Verzug ein. Der Verk\u00e4ufer ist u.a. berechtigt, vom Vertrag zur\u00fcckzutreten und\/oder Schadenersatz zu verlangen. Verlangt der Verk\u00e4ufer Schadensersatz, so betr\u00e4gt dieser pauschal 10 Prozent des Bruttokaufpreises f\u00fcr das Gebrauchtfahrzeug. Dem Verk\u00e4ufer bleibt nachgelassen, einen h\u00f6heren Schadenersatzbetrag konkret nachzuweisen, der K\u00e4ufer kann ebenfalls einen konkret niedrigeren Schadenersatzbetrag nachweisen.\u00a0<\/p>\n<p><b>5. Sachm\u00e4ngelhaftung: <\/b>Soweit der K\u00e4ufer eine nat\u00fcrliche oder juristische Person oder eine rechtsf\u00e4hige Personengesellschaft ist, die bei Abschluss des Kaufvertrages in Aus\u00fcbung ihrer gewerblichen oder selbst\u00e4ndigen beruflichen T\u00e4tigkeit handelt (\u00a7 14 BGB), ist die Haftung f\u00fcr Sachm\u00e4ngel des Gebrauchtfahrzeuges ausgeschlossen. War ein Mangel des Kaufgegenstands bei der Untersuchung nicht erkennbar (vgl. \u00a7 377 Abs. 2, 2. Alt. HGB) oder hat der Verk\u00e4ufer den M\u00e4ngel arglistig verschweigen (\u00a7 377 Abs. 4 HGB), gilt der Gew\u00e4hrleistungsausschluss nicht. Ebenso gilt die Haftungsfreizeichnung nicht bei f\u00fcr Verletzungen des Lebens, des K\u00f6rpers und der Gesundheit (vgl. (\u00a7 309 Nr. 7 Buchst, a BGB).\u00a0<\/p>\n<p><b>6. Haftung:<\/b> Bei verschuldensabh\u00e4ngiger Haftung haftet der Verk\u00e4ufer nur im Falle des Vorliegens von Vorsatz oder grober Fahrl\u00e4ssigkeit. Die Haftungsbegrenzung gilt nicht, wenn a) der Verk\u00e4ufer, seine gesetzliche Vertreter oder seine Erf\u00fcllungsgehilfen eine vertragswesentliche Pflicht verletzten oder eine grob fahrl\u00e4ssige Pflichtverletzung begehen (vgl. \u00a7 309 Nr. 7 Buchst, b BGB), b) der Verk\u00e4ufer nach dem Produkthaftungsgesetz haftet, c) eine Verletzung von Leben, K\u00f6rper oder Gesundheit eines Menschen eintritt, die auf einer fahrl\u00e4ssigen Pflichtverletzung des K\u00e4ufers oder einer vors\u00e4tzlichen oder fahr l\u00e4ssigen Pflichtverletzung eines gesetzlichen Vertreters oder Erf\u00fcllungsgehilfen des K\u00e4ufers beruhen.\u00a0<\/p>\n<p><b>7. Gerichtsstand:<\/b> F\u00fcr s\u00e4mtliche gegenw\u00e4rtigen und zuk\u00fcnftigen Anspr\u00fcche aus der Gesch\u00e4ftsverbindung mit Vollkaufleuten einschlie\u00dflich Wechsel- und Scheckforderungen ist der Sitz des Verk\u00e4ufers ausschlie\u00dflicher Gerichtsstand (Hamburg).<\/p>\n<p><!-- \/wp:paragraph --><\/p>\t\t\t\t\t\t\t\t<\/div>\n\t\t\t\t<\/div>\n\t\t\t\t\t<\/div>\n\t\t<\/div>\n\t\t\t\t\t<\/div>\n\t\t<\/section>\n\t\t\t\t<\/div>","protected":false},"excerpt":{"rendered":"<p>Allgemeine Gesch\u00e4ftsbedingungen JHJ Nutzfahrzeuge Janbaz Haiderie e.K. Nachstehende Bedingungen gelten f\u00fcr den Verkauf von gebrauchten Nutzfahrzeugen sowie gebrauchten Ersatzteilen und deren gebrauchtem Zubeh\u00f6r von der Firma: JHJ Nutzfahrzeuge Janbaz Haiderie e.K. R\u00f6gen 2,DE-23843 Bad Oldesloe. Diese Gesch\u00e4ftsbedingungen gelten nur f\u00fcr Unternehmer im Sinne des \u00a7 14 BGB. \u00a01. Kaufvertragsabschluss\/\u00dcbertragung von Rechten und Pflichten: Der Kaufvertrag wird angebahnt, indem der K\u00e4ufer bei dem Verk\u00e4ufer eine Bestellung abgibt. An diese Bestellung ist der K\u00e4ufer zwei Wochen gebunden. [&hellip;]<\/p>\n","protected":false},"author":1,"featured_media":0,"parent":0,"menu_order":0,"comment_status":"closed","ping_status":"closed","template":"","meta":{"inspiro_page_layout":"narrow","inspiro_hide_title":false,"footnotes":""},"class_list":["post-6701","page","type-page","status-publish","hentry"],"yoast_head":"<!-- This site is optimized with the Yoast SEO plugin v27.4 - https:\/\/yoast.com\/product\/yoast-seo-wordpress\/ -->\n<title>AGB - JHJ Nutzfahrzeuge e.K.<\/title>\n<meta name=\"description\" content=\"AGB von JHJ Nutzfahrzeuge e.K. Janbaz Haiderie in Hamburg. Qualit\u00e4t und Verl\u00e4sslichkeit bei gebrauchten LKW, Baufahrzeugen, Sattelzugmaschinen, Aufliegern, Anh\u00e4ngern sowie Kleintransportern.\" \/>\n<meta name=\"robots\" content=\"index, follow, max-snippet:-1, max-image-preview:large, max-video-preview:-1\" \/>\n<link rel=\"canonical\" href=\"https:\/\/www.jhj-nfz.de\/en\/agb-jhj-nutzfahrzeuge-janbaz-haiderie-e-k\/\" \/>\n<meta property=\"og:locale\" content=\"en_GB\" \/>\n<meta property=\"og:type\" content=\"article\" \/>\n<meta property=\"og:title\" content=\"AGB - JHJ Nutzfahrzeuge e.K.\" \/>\n<meta property=\"og:description\" content=\"AGB von JHJ Nutzfahrzeuge e.K. Janbaz Haiderie in Hamburg. Qualit\u00e4t und Verl\u00e4sslichkeit bei gebrauchten LKW, Baufahrzeugen, Sattelzugmaschinen, Aufliegern, Anh\u00e4ngern sowie Kleintransportern.\" \/>\n<meta property=\"og:url\" content=\"https:\/\/www.jhj-nfz.de\/en\/agb-jhj-nutzfahrzeuge-janbaz-haiderie-e-k\/\" \/>\n<meta property=\"og:site_name\" content=\"JHJ Nutzfahrzeuge e.K.\" \/>\n<meta property=\"article:modified_time\" content=\"2025-05-06T17:45:51+00:00\" \/>\n<meta name=\"twitter:card\" content=\"summary_large_image\" \/>\n<meta name=\"twitter:label1\" content=\"Estimated reading time\" \/>\n\t<meta name=\"twitter:data1\" content=\"3 minutes\" \/>\n<script type=\"application\/ld+json\" class=\"yoast-schema-graph\">{\"@context\":\"https:\\\/\\\/schema.org\",\"@graph\":[{\"@type\":\"WebPage\",\"@id\":\"https:\\\/\\\/www.jhj-nfz.de\\\/agb-jhj-nutzfahrzeuge-janbaz-haiderie-e-k\\\/\",\"url\":\"https:\\\/\\\/www.jhj-nfz.de\\\/agb-jhj-nutzfahrzeuge-janbaz-haiderie-e-k\\\/\",\"name\":\"AGB - JHJ Nutzfahrzeuge e.K.\",\"isPartOf\":{\"@id\":\"https:\\\/\\\/www.jhj-nfz.de\\\/#website\"},\"datePublished\":\"2023-02-13T13:02:23+00:00\",\"dateModified\":\"2025-05-06T17:45:51+00:00\",\"description\":\"AGB von JHJ Nutzfahrzeuge e.K. Janbaz Haiderie in Hamburg. Qualit\u00e4t und Verl\u00e4sslichkeit bei gebrauchten LKW, Baufahrzeugen, Sattelzugmaschinen, Aufliegern, Anh\u00e4ngern sowie Kleintransportern.\",\"breadcrumb\":{\"@id\":\"https:\\\/\\\/www.jhj-nfz.de\\\/agb-jhj-nutzfahrzeuge-janbaz-haiderie-e-k\\\/#breadcrumb\"},\"inLanguage\":\"en-GB\",\"potentialAction\":[{\"@type\":\"ReadAction\",\"target\":[\"https:\\\/\\\/www.jhj-nfz.de\\\/agb-jhj-nutzfahrzeuge-janbaz-haiderie-e-k\\\/\"]}]},{\"@type\":\"BreadcrumbList\",\"@id\":\"https:\\\/\\\/www.jhj-nfz.de\\\/agb-jhj-nutzfahrzeuge-janbaz-haiderie-e-k\\\/#breadcrumb\",\"itemListElement\":[{\"@type\":\"ListItem\",\"position\":1,\"name\":\"Startseite\",\"item\":\"https:\\\/\\\/www.jhj-nfz.de\\\/\"},{\"@type\":\"ListItem\",\"position\":2,\"name\":\"AGB\"}]},{\"@type\":\"WebSite\",\"@id\":\"https:\\\/\\\/www.jhj-nfz.de\\\/#website\",\"url\":\"https:\\\/\\\/www.jhj-nfz.de\\\/\",\"name\":\"JHJ Nutzfahrzeuge e.K.\",\"description\":\"JHJ Nutzfahrzeuge Hamburg Janbaz Haiderie e.K.\",\"publisher\":{\"@id\":\"https:\\\/\\\/www.jhj-nfz.de\\\/#organization\"},\"potentialAction\":[{\"@type\":\"SearchAction\",\"target\":{\"@type\":\"EntryPoint\",\"urlTemplate\":\"https:\\\/\\\/www.jhj-nfz.de\\\/?s={search_term_string}\"},\"query-input\":{\"@type\":\"PropertyValueSpecification\",\"valueRequired\":true,\"valueName\":\"search_term_string\"}}],\"inLanguage\":\"en-GB\"},{\"@type\":\"Organization\",\"@id\":\"https:\\\/\\\/www.jhj-nfz.de\\\/#organization\",\"name\":\"JHJ Nutzfahrzeuge Janbaz Haiderie e.K.\",\"alternateName\":\"JHJ Nutzfahrzeuge\",\"url\":\"https:\\\/\\\/www.jhj-nfz.de\\\/\",\"logo\":{\"@type\":\"ImageObject\",\"inLanguage\":\"en-GB\",\"@id\":\"https:\\\/\\\/www.jhj-nfz.de\\\/#\\\/schema\\\/logo\\\/image\\\/\",\"url\":\"https:\\\/\\\/www.jhj-nfz.de\\\/wp-content\\\/uploads\\\/2023\\\/02\\\/logo.png\",\"contentUrl\":\"https:\\\/\\\/www.jhj-nfz.de\\\/wp-content\\\/uploads\\\/2023\\\/02\\\/logo.png\",\"width\":354,\"height\":94,\"caption\":\"JHJ Nutzfahrzeuge Janbaz Haiderie e.K.\"},\"image\":{\"@id\":\"https:\\\/\\\/www.jhj-nfz.de\\\/#\\\/schema\\\/logo\\\/image\\\/\"}}]}<\/script>\n<!-- \/ Yoast SEO plugin. -->","yoast_head_json":{"title":"AGB - JHJ Nutzfahrzeuge e.K.","description":"AGB von JHJ Nutzfahrzeuge e.K. Janbaz Haiderie in Hamburg. Qualit\u00e4t und Verl\u00e4sslichkeit bei gebrauchten LKW, Baufahrzeugen, Sattelzugmaschinen, Aufliegern, Anh\u00e4ngern sowie Kleintransportern.","robots":{"index":"index","follow":"follow","max-snippet":"max-snippet:-1","max-image-preview":"max-image-preview:large","max-video-preview":"max-video-preview:-1"},"canonical":"https:\/\/www.jhj-nfz.de\/en\/agb-jhj-nutzfahrzeuge-janbaz-haiderie-e-k\/","og_locale":"en_GB","og_type":"article","og_title":"AGB - JHJ Nutzfahrzeuge e.K.","og_description":"AGB von JHJ Nutzfahrzeuge e.K. Janbaz Haiderie in Hamburg. Qualit\u00e4t und Verl\u00e4sslichkeit bei gebrauchten LKW, Baufahrzeugen, Sattelzugmaschinen, Aufliegern, Anh\u00e4ngern sowie Kleintransportern.","og_url":"https:\/\/www.jhj-nfz.de\/en\/agb-jhj-nutzfahrzeuge-janbaz-haiderie-e-k\/","og_site_name":"JHJ Nutzfahrzeuge e.K.","article_modified_time":"2025-05-06T17:45:51+00:00","twitter_card":"summary_large_image","twitter_misc":{"Estimated reading time":"3 minutes"},"schema":{"@context":"https:\/\/schema.org","@graph":[{"@type":"WebPage","@id":"https:\/\/www.jhj-nfz.de\/agb-jhj-nutzfahrzeuge-janbaz-haiderie-e-k\/","url":"https:\/\/www.jhj-nfz.de\/agb-jhj-nutzfahrzeuge-janbaz-haiderie-e-k\/","name":"AGB - JHJ Nutzfahrzeuge e.K.","isPartOf":{"@id":"https:\/\/www.jhj-nfz.de\/#website"},"datePublished":"2023-02-13T13:02:23+00:00","dateModified":"2025-05-06T17:45:51+00:00","description":"AGB von JHJ Nutzfahrzeuge e.K. Janbaz Haiderie in Hamburg. Qualit\u00e4t und Verl\u00e4sslichkeit bei gebrauchten LKW, Baufahrzeugen, Sattelzugmaschinen, Aufliegern, Anh\u00e4ngern sowie Kleintransportern.","breadcrumb":{"@id":"https:\/\/www.jhj-nfz.de\/agb-jhj-nutzfahrzeuge-janbaz-haiderie-e-k\/#breadcrumb"},"inLanguage":"en-GB","potentialAction":[{"@type":"ReadAction","target":["https:\/\/www.jhj-nfz.de\/agb-jhj-nutzfahrzeuge-janbaz-haiderie-e-k\/"]}]},{"@type":"BreadcrumbList","@id":"https:\/\/www.jhj-nfz.de\/agb-jhj-nutzfahrzeuge-janbaz-haiderie-e-k\/#breadcrumb","itemListElement":[{"@type":"ListItem","position":1,"name":"Startseite","item":"https:\/\/www.jhj-nfz.de\/"},{"@type":"ListItem","position":2,"name":"AGB"}]},{"@type":"WebSite","@id":"https:\/\/www.jhj-nfz.de\/#website","url":"https:\/\/www.jhj-nfz.de\/","name":"JHJ Nutzfahrzeuge e.K.","description":"JHJ Nutzfahrzeuge Hamburg Janbaz Haiderie e.K.","publisher":{"@id":"https:\/\/www.jhj-nfz.de\/#organization"},"potentialAction":[{"@type":"SearchAction","target":{"@type":"EntryPoint","urlTemplate":"https:\/\/www.jhj-nfz.de\/?s={search_term_string}"},"query-input":{"@type":"PropertyValueSpecification","valueRequired":true,"valueName":"search_term_string"}}],"inLanguage":"en-GB"},{"@type":"Organization","@id":"https:\/\/www.jhj-nfz.de\/#organization","name":"JHJ Nutzfahrzeuge Janbaz Haiderie e.K.","alternateName":"JHJ Nutzfahrzeuge","url":"https:\/\/www.jhj-nfz.de\/","logo":{"@type":"ImageObject","inLanguage":"en-GB","@id":"https:\/\/www.jhj-nfz.de\/#\/schema\/logo\/image\/","url":"https:\/\/www.jhj-nfz.de\/wp-content\/uploads\/2023\/02\/logo.png","contentUrl":"https:\/\/www.jhj-nfz.de\/wp-content\/uploads\/2023\/02\/logo.png","width":354,"height":94,"caption":"JHJ Nutzfahrzeuge Janbaz Haiderie e.K."},"image":{"@id":"https:\/\/www.jhj-nfz.de\/#\/schema\/logo\/image\/"}}]}},"_links":{"self":[{"href":"https:\/\/www.jhj-nfz.de\/en\/wp-json\/wp\/v2\/pages\/6701","targetHints":{"allow":["GET"]}}],"collection":[{"href":"https:\/\/www.jhj-nfz.de\/en\/wp-json\/wp\/v2\/pages"}],"about":[{"href":"https:\/\/www.jhj-nfz.de\/en\/wp-json\/wp\/v2\/types\/page"}],"author":[{"embeddable":true,"href":"https:\/\/www.jhj-nfz.de\/en\/wp-json\/wp\/v2\/users\/1"}],"replies":[{"embeddable":true,"href":"https:\/\/www.jhj-nfz.de\/en\/wp-json\/wp\/v2\/comments?post=6701"}],"version-history":[{"count":0,"href":"https:\/\/www.jhj-nfz.de\/en\/wp-json\/wp\/v2\/pages\/6701\/revisions"}],"wp:attachment":[{"href":"https:\/\/www.jhj-nfz.de\/en\/wp-json\/wp\/v2\/media?parent=6701"}],"curies":[{"name":"wp","href":"https:\/\/api.w.org\/{rel}","templated":true}]}}